{"id":490,"date":"2015-06-18T11:18:29","date_gmt":"2015-06-18T09:18:29","guid":{"rendered":"http:\/\/5.99.81.228\/?page_id=490"},"modified":"2016-09-26T11:23:38","modified_gmt":"2016-09-26T09:23:38","slug":"bilancio-preventivo-e-consuntivo","status":"publish","type":"page","link":"https:\/\/www.salernomobilita.it\/index.php\/amministrazione-trasparente\/bilanci\/bilancio-preventivo-e-consuntivo\/","title":{"rendered":"Bilancio preventivo e consuntivo"},"content":{"rendered":"<p>Le societ\u00e0 partecipate da Enti Locali come la Salerno Mobilit\u00e0 SpA, essendo societ\u00e0 per azioni di matrice privatistica \u2013seppur con capitale pubblico- non prevedono bilanci preventivi e consuntivi. Nelle sottosezioni sono pertanto riportati i bilanci annuali di esercizio cos\u00ec come approvati dall\u2019Assemblea dei Soci e annualmente depositati presso la Camera di Commercio.<\/p>\n<p>&nbsp;<\/p>\n<p>&nbsp;<\/p>\n","protected":false},"excerpt":{"rendered":"<p>Le societ\u00e0 partecipate da Enti Locali come la Salerno Mobilit\u00e0 SpA, essendo societ\u00e0 per azioni di matrice privatistica \u2013seppur con capitale pubblico- non prevedono bilanci preventivi e consuntivi.<\/p>\n","protected":false},"author":5,"featured_media":0,"parent":488,"menu_order":0,"comment_status":"closed","ping_status":"open","template":"","meta":{"footnotes":""},"tags":[],"_links":{"self":[{"href":"https:\/\/www.salernomobilita.it\/index.php\/wp-json\/wp\/v2\/pages\/490"}],"collection":[{"href":"https:\/\/www.salernomobilita.it\/index.php\/wp-json\/wp\/v2\/pages"}],"about":[{"href":"https:\/\/www.salernomobilita.it\/index.php\/wp-json\/wp\/v2\/types\/page"}],"author":[{"embeddable":true,"href":"https:\/\/www.salernomobilita.it\/index.php\/wp-json\/wp\/v2\/users\/5"}],"replies":[{"embeddable":true,"href":"https:\/\/www.salernomobilita.it\/index.php\/wp-json\/wp\/v2\/comments?post=490"}],"version-history":[{"count":4,"href":"https:\/\/www.salernomobilita.it\/index.php\/wp-json\/wp\/v2\/pages\/490\/revisions"}],"predecessor-version":[{"id":1887,"href":"https:\/\/www.salernomobilita.it\/index.php\/wp-json\/wp\/v2\/pages\/490\/revisions\/1887"}],"up":[{"embeddable":true,"href":"https:\/\/www.salernomobilita.it\/index.php\/wp-json\/wp\/v2\/pages\/488"}],"wp:attachment":[{"href":"https:\/\/www.salernomobilita.it\/index.php\/wp-json\/wp\/v2\/media?parent=490"}],"wp:term":[{"taxonomy":"post_tag","embeddable":true,"href":"https:\/\/www.salernomobilita.it\/index.php\/wp-json\/wp\/v2\/tags?post=490"}],"curies":[{"name":"wp","href":"https:\/\/api.w.org\/{rel}","templated":true}]}}