{"id":464,"date":"2015-06-17T18:12:09","date_gmt":"2015-06-17T16:12:09","guid":{"rendered":"http:\/\/5.99.81.228\/?page_id=464"},"modified":"2015-12-28T10:36:34","modified_gmt":"2015-12-28T09:36:34","slug":"controlli-sulle-imprese","status":"publish","type":"page","link":"https:\/\/www.salernomobilita.it\/index.php\/amministrazione-trasparente\/controlli-sulle-imprese\/","title":{"rendered":"Controlli sulle imprese"},"content":{"rendered":"<p>Tale sezione \u00e8 prevista per gli enti locali e non per le societ\u00e0 partecipate. Gli unici controlli sulle imprese effettuati dalla Salerno Moblit\u00e0 Spa sono quelli imposti dal codice degli appalti nelle specifiche fasi procedimentali delle procedure di evidenza pubblica.<\/p>\n<p>&nbsp;<\/p>\n<p>&nbsp;<\/p>\n<p><a href=\"https:\/\/www.salernomobilita.it\/index.php\/amministrazione-trasparente\/\">&lt;- Torna a\u00a0<\/a><a href=\"https:\/\/www.salernomobilita.it\/index.php\/amministrazione-trasparente\/\">Societ\u00e0<\/a><a href=\"https:\/\/www.salernomobilita.it\/index.php\/amministrazione-trasparente\/\"> Trasparente<\/a><\/p>\n","protected":false},"excerpt":{"rendered":"<p>Tale sezione \u00e8 prevista per gli enti locali e non per le societ\u00e0 partecipate.<\/p>\n","protected":false},"author":5,"featured_media":0,"parent":50,"menu_order":0,"comment_status":"closed","ping_status":"open","template":"","meta":{"footnotes":""},"tags":[],"_links":{"self":[{"href":"https:\/\/www.salernomobilita.it\/index.php\/wp-json\/wp\/v2\/pages\/464"}],"collection":[{"href":"https:\/\/www.salernomobilita.it\/index.php\/wp-json\/wp\/v2\/pages"}],"about":[{"href":"https:\/\/www.salernomobilita.it\/index.php\/wp-json\/wp\/v2\/types\/page"}],"author":[{"embeddable":true,"href":"https:\/\/www.salernomobilita.it\/index.php\/wp-json\/wp\/v2\/users\/5"}],"replies":[{"embeddable":true,"href":"https:\/\/www.salernomobilita.it\/index.php\/wp-json\/wp\/v2\/comments?post=464"}],"version-history":[{"count":2,"href":"https:\/\/www.salernomobilita.it\/index.php\/wp-json\/wp\/v2\/pages\/464\/revisions"}],"predecessor-version":[{"id":1533,"href":"https:\/\/www.salernomobilita.it\/index.php\/wp-json\/wp\/v2\/pages\/464\/revisions\/1533"}],"up":[{"embeddable":true,"href":"https:\/\/www.salernomobilita.it\/index.php\/wp-json\/wp\/v2\/pages\/50"}],"wp:attachment":[{"href":"https:\/\/www.salernomobilita.it\/index.php\/wp-json\/wp\/v2\/media?parent=464"}],"wp:term":[{"taxonomy":"post_tag","embeddable":true,"href":"https:\/\/www.salernomobilita.it\/index.php\/wp-json\/wp\/v2\/tags?post=464"}],"curies":[{"name":"wp","href":"https:\/\/api.w.org\/{rel}","templated":true}]}}