{"id":44,"date":"2015-05-29T14:38:16","date_gmt":"2015-05-29T12:38:16","guid":{"rendered":"http:\/\/5.99.81.228\/?page_id=44"},"modified":"2017-02-06T17:53:27","modified_gmt":"2017-02-06T16:53:27","slug":"tariffe-e-abbonamenti","status":"publish","type":"page","link":"https:\/\/www.salernomobilita.it\/index.php\/tariffe-e-abbonamenti\/","title":{"rendered":"Tariffe e Abbonamenti"},"content":{"rendered":"<p>Salerno Mobilit\u00e0 S.p.A. \u00e8 una societ\u00e0 per azioni,\u00a0con la partecipazione totalitaria di capitale\u00a0pubblico, ed \u00e8 soggetta al controllo ed all\u2019attivit\u00e0\u00a0di direzione e coordinamento dell\u2019Ente\u00a0comunale, trattandosi di societ\u00e0 c.d. in house.<\/p>\n<p>Il Comune, proprietario del suolo pubblico,\u00a0rinnovando gli affidamenti precedenti\u00a0secondo la procedura di cui all\u2019art. 34, comma\u00a020, L. 122\/12, con delibera di C.C. n\u00b0 33 del\u00a002\/09\/2013, ha disposto l\u2019affidamento in\u00a0house per tre anni del servizio di gestione di:<\/p>\n<ul style=\"list-style-type: disc;\">\n<li><a href=\"https:\/\/www.salernomobilita.it\/index.php\/aree-miste-z-p-r-u-2017\/\">Tariffe<\/a><\/li>\n<li><a href=\"https:\/\/www.salernomobilita.it\/index.php\/abbonamenti\/\">Abbonamenti e Permessi<\/a><\/li>\n<li><a href=\"https:\/\/www.salernomobilita.it\/index.php\/tariffe-e-abbonamenti\/elenco-parcometri\/\">aree di sosta su strada (strisce blu lungo\u00a0strada)<\/a>;<\/li>\n<li><a href=\"https:\/\/www.salernomobilita.it\/index.php\/servizi\/rimozione-e-blocco-dei-veicoli\/\">rimozione veicoli<\/a>;<\/li>\n<li>ascensori pubblici di Via Velia, di P.zza\u00a0Medaglie d\u2019Oro e di P.zza Matteo D\u2019Aiello;<\/li>\n<li><a href=\"https:\/\/www.salernomobilita.it\/index.php\/servizi\/scale-mobili-e-ascensori\/\">scale mobili pubbliche<\/a> di Via Indipendenza.<\/li>\n<\/ul>\n","protected":false},"excerpt":{"rendered":"<p>Salerno Mobilit\u00e0 S.p.<\/p>\n","protected":false},"author":5,"featured_media":0,"parent":0,"menu_order":0,"comment_status":"closed","ping_status":"closed","template":"","meta":{"footnotes":""},"tags":[],"_links":{"self":[{"href":"https:\/\/www.salernomobilita.it\/index.php\/wp-json\/wp\/v2\/pages\/44"}],"collection":[{"href":"https:\/\/www.salernomobilita.it\/index.php\/wp-json\/wp\/v2\/pages"}],"about":[{"href":"https:\/\/www.salernomobilita.it\/index.php\/wp-json\/wp\/v2\/types\/page"}],"author":[{"embeddable":true,"href":"https:\/\/www.salernomobilita.it\/index.php\/wp-json\/wp\/v2\/users\/5"}],"replies":[{"embeddable":true,"href":"https:\/\/www.salernomobilita.it\/index.php\/wp-json\/wp\/v2\/comments?post=44"}],"version-history":[{"count":3,"href":"https:\/\/www.salernomobilita.it\/index.php\/wp-json\/wp\/v2\/pages\/44\/revisions"}],"predecessor-version":[{"id":2037,"href":"https:\/\/www.salernomobilita.it\/index.php\/wp-json\/wp\/v2\/pages\/44\/revisions\/2037"}],"wp:attachment":[{"href":"https:\/\/www.salernomobilita.it\/index.php\/wp-json\/wp\/v2\/media?parent=44"}],"wp:term":[{"taxonomy":"post_tag","embeddable":true,"href":"https:\/\/www.salernomobilita.it\/index.php\/wp-json\/wp\/v2\/tags?post=44"}],"curies":[{"name":"wp","href":"https:\/\/api.w.org\/{rel}","templated":true}]}}