{"id":4244,"date":"2026-01-09T13:27:37","date_gmt":"2026-01-09T12:27:37","guid":{"rendered":"https:\/\/www.salernomobilita.it\/?page_id=4244"},"modified":"2026-01-09T15:23:34","modified_gmt":"2026-01-09T14:23:34","slug":"rinnovo-permessi-residenti-2026","status":"publish","type":"page","link":"https:\/\/www.salernomobilita.it\/index.php\/rinnovo-permessi-residenti-2026\/","title":{"rendered":"Rinnovo Permessi Residenti 2026"},"content":{"rendered":"<p style=\"text-align: center;\"><strong>Rinnovo Permessi di Sosta Residenti ZPRU\u00a0<\/strong><\/p>\n<p style=\"text-align: center;\"><strong>Agevolazioni per le auto ibride ed elettriche<\/strong><\/p>\n<p style=\"text-align: center;\"><strong><em>\u00a0Informazioni e modalit\u00e0 di pagamento anno 2026<\/em><\/strong><\/p>\n<p><strong>\u00a0<\/strong><\/p>\n<p style=\"text-align: justify;\"><strong><u>Permesso Residenti ZPRU<\/u><\/strong><\/p>\n<ol style=\"text-align: justify;\">\n<li><strong>RINNOVO<\/strong><\/li>\n<\/ol>\n<p style=\"text-align: justify;\">Si comunica che\u00a0<strong>fino al 28 febbraio 2026<\/strong>\u00a0sar\u00e0 possibile rinnovare, al costo di\u00a0<strong>\u20ac 50,00<\/strong>, il\u00a0<strong>permesso annuale Residenti ZPRU per l\u2019anno 2026<\/strong>. Il pagamento potr\u00e0 avvenire:<\/p>\n<ul style=\"text-align: justify;\">\n<li>attraverso le card reperibili presso i\u00a0<strong><a href=\"https:\/\/www.salernomobilita.it\/wp-content\/uploads\/2026\/01\/definitiva-locandina-2026-DA-SOSTITUIRE.pdf\">punti vendita autorizzati<\/a>;<\/strong><\/li>\n<li>online con PagoPA:\u00a0<a href=\"https:\/\/linkmate.servizienti.it\/linkmateWeb\/login?c=031C\">https:\/\/linkmate.servizienti.it\/linkmateWeb\/login?c=031C<\/a>\u00a0(istruzioni per l\u2019utilizzo cliccando sul link\u00a0<a href=\"https:\/\/salernomobilita.grupposistemisalerno.it\/index.php\/pagopa\/\">Pago PA<\/a>) (<em>solo per il rinnovo dei permessi annuali Residenti ZPRU<\/em>).<\/li>\n<li>\u00a0presso la sede aziendale di via S. Passaro 1 \u2013 Torrione, Salerno,\u00a0<strong><u>solo punto vendita card per il rinnovo.<\/u><\/strong><\/li>\n<\/ul>\n<p style=\"text-align: justify;\"><strong>2. NUOVE ATTIVAZIONI<\/strong><\/p>\n<p style=\"text-align: justify;\">Per le nuove attivazioni, o in caso di cambio auto, gli interessati possono rivolgersi allo sportello dedicato,\u00a0<strong>sito in via S. Passaro, 1 a Salerno (Torrione)<\/strong>, presso il quale il personale addetto provveder\u00e0 alla gestione delle relative pratiche e al rilascio della vetrofania da applicare sull\u2019autovettura indicata in fase di richiesta.<\/p>\n<p style=\"text-align: justify;\"><strong><u>Permesso Auto a trazione elettrica e ibride<\/u><\/strong><\/p>\n<p style=\"text-align: justify;\">Con\u00a0<a href=\"https:\/\/salernomobilita.grupposistemisalerno.it\/wp-content\/uploads\/2026\/01\/SAM_2026_0031_DELIBERA-DI-G-M-N-511-2025-AUTORI.pdf\"><strong><u>Delibera di Giunta n. 511 del 30 dicembre 2025<\/u><\/strong><\/a><u>,<\/u>\u00a0il Comune di Salerno ha prorogato\u00a0<strong>fino al 31 dicembre 2026<\/strong>\u00a0le<strong>\u00a0agevolazioni<\/strong>\u00a0<strong>per la sosta dei veicoli a trazione esclusivamente elettrica e ibridi<\/strong>, con la precisazione che dette agevolazioni sono\u00a0<strong>riferite ai soli intestatari di veicoli<\/strong>,\u00a0<strong>concessionari di leasing o di veicoli in comodato d\u2019uso, con trascrizione su carta di circolazione<\/strong>, da parte di parenti di primo grado, affini di primo grado e coniugi,\u00a0<strong>residenti nel comune di Salerno,<\/strong>\u00a0alle condizioni e modalit\u00e0 di seguito riportate:<\/p>\n<ul style=\"text-align: justify;\">\n<li>autorizzazione alla sosta a tariffa agevolata, che consente la sosta lungo strada e nelle aree non automatizzate, con abbonamento annuo alla cifra simbolica di\u00a0<strong>\u20ac 10,00<\/strong>\u00a0per le auto esclusivamente elettriche e di\u00a0<strong>\u20ac 30,00<\/strong>\u00a0per le auto ibride;<\/li>\n<li>Clicca\u00a0<a href=\"https:\/\/salernomobilita.grupposistemisalerno.it\/index.php\/amministrazione-trasparente\/disposizioni-generali\/oneri-informativi-per-cittadini-e-imprese\/modulistica\/\"><strong>qui<\/strong><\/a>\u00a0per scaricare la modulistica necessaria per richiedere il\u00a0<strong>Permesso Auto a trazione elettrica e ibride.<\/strong><\/li>\n<\/ul>\n<p style=\"text-align: justify;\"><strong>\u00a0<\/strong><\/p>\n<p style=\"text-align: justify;\"><strong>La su citata Delibera di Giunta n. 511 del 30 dicembre 2025, all\u2019art. 4, definisce inoltre che \u00e8 possibile richiedere:<\/strong><\/p>\n<p style=\"text-align: justify;\"><strong><em>Per i nuclei familiari residenti nelle Zone a Particolare Rilevanza Urbanistica (ZPRU<\/em><\/strong>):<\/p>\n<ul style=\"text-align: justify;\">\n<li>un unico contrassegno di sosta \u201cordinario\u201d, avente validit\u00e0 annuale, per gli autoveicoli di propriet\u00e0 o in comodato d\u2019uso, con trascrizione sulla carta di circolazione, da parte di parenti di primo grado, affini di 1\u00b0 grado e coniugi, qualunque sia l\u2019alimentazione del veicolo, al costo di\u00a0<strong>\u20ac 50,00<\/strong>;<\/li>\n<li>un unico contrassegno di sosta \u201cspeciale\u201d, avente validit\u00e0 annuale, \u2013 in aggiunta al contrassegno di sosta di cui al punto precedente \u2013 per gli autoveicoli alimentati a benzina-elettrica, al costo di\u00a0<strong>\u20ac 30,00<\/strong>, ovvero alimentati in maniera esclusivamente elettrica, al costo di\u00a0<strong>\u20ac 10,00<\/strong>.<\/li>\n<\/ul>\n<p style=\"text-align: justify;\"><strong><em>Per i nuclei familiari\u00a0<u>residenti<\/u>\u00a0nel Comune di Salerno, ma al di fuori delle ZPRU<\/em><\/strong>:<\/p>\n<ul style=\"text-align: justify;\">\n<li>un unico contrassegno di sosta \u201cspeciale\u201d per gli autoveicoli alimentati a benzina-elettrica, al costo di\u00a0<strong>\u20ac 30,00<\/strong>, ovvero alimentati in maniera esclusivamente elettrica, al costo di\u00a0<strong>\u20ac 10,00<\/strong>.<\/li>\n<\/ul>\n<p style=\"text-align: justify;\">Per informazioni e chiarimenti, l\u2019Ufficio Permessi Residenti della Societ\u00e0 \u00e8 disponibile all\u2019indirizzo e-mail\u00a0<a href=\"mailto:ufficiopermessisosta@salernomobilita.it\">ufficiopermessisosta@salernomobilita.it<\/a>\u00a0e al\u00a0<strong>Numero Verde 800 46 81 10<\/strong>, attivo dal luned\u00ec al venerd\u00ec mattina dalle ore 08.30 alle ore 12.45, e il luned\u00ec e gioved\u00ec pomeriggio dalle ore 15.00 alle ore 16.30.<\/p>\n<p><img loading=\"lazy\" decoding=\"async\" class=\"wp-image-4250 size-large aligncenter\" src=\"https:\/\/www.salernomobilita.it\/wp-content\/uploads\/2026\/01\/Locandina-per-sito-682x1024.jpg\" alt=\"\" width=\"682\" height=\"1024\" srcset=\"https:\/\/www.salernomobilita.it\/wp-content\/uploads\/2026\/01\/Locandina-per-sito-682x1024.jpg 682w, https:\/\/www.salernomobilita.it\/wp-content\/uploads\/2026\/01\/Locandina-per-sito-200x300.jpg 200w, https:\/\/www.salernomobilita.it\/wp-content\/uploads\/2026\/01\/Locandina-per-sito.jpg 709w\" sizes=\"(max-width: 682px) 100vw, 682px\" \/><\/p>\n","protected":false},"excerpt":{"rendered":"<p>Rinnovo Permessi di Sosta Residenti ZPRU\u00a0 Agevolazioni per le auto ibride ed elettriche \u00a0Informazioni e modalit\u00e0 di pagamento anno 2026 \u00a0 Permesso Residenti ZPRU RINNOVO Si comunica che\u00a0fino al 28 febbraio 2026\u00a0sar\u00e0 possibile rinnovare, al costo di\u00a0\u20ac 50,00, il\u00a0permesso annuale Residenti ZPRU per l\u2019anno 2026.<\/p>\n","protected":false},"author":6,"featured_media":0,"parent":0,"menu_order":0,"comment_status":"closed","ping_status":"closed","template":"","meta":{"footnotes":""},"tags":[],"_links":{"self":[{"href":"https:\/\/www.salernomobilita.it\/index.php\/wp-json\/wp\/v2\/pages\/4244"}],"collection":[{"href":"https:\/\/www.salernomobilita.it\/index.php\/wp-json\/wp\/v2\/pages"}],"about":[{"href":"https:\/\/www.salernomobilita.it\/index.php\/wp-json\/wp\/v2\/types\/page"}],"author":[{"embeddable":true,"href":"https:\/\/www.salernomobilita.it\/index.php\/wp-json\/wp\/v2\/users\/6"}],"replies":[{"embeddable":true,"href":"https:\/\/www.salernomobilita.it\/index.php\/wp-json\/wp\/v2\/comments?post=4244"}],"version-history":[{"count":4,"href":"https:\/\/www.salernomobilita.it\/index.php\/wp-json\/wp\/v2\/pages\/4244\/revisions"}],"predecessor-version":[{"id":4251,"href":"https:\/\/www.salernomobilita.it\/index.php\/wp-json\/wp\/v2\/pages\/4244\/revisions\/4251"}],"wp:attachment":[{"href":"https:\/\/www.salernomobilita.it\/index.php\/wp-json\/wp\/v2\/media?parent=4244"}],"wp:term":[{"taxonomy":"post_tag","embeddable":true,"href":"https:\/\/www.salernomobilita.it\/index.php\/wp-json\/wp\/v2\/tags?post=4244"}],"curies":[{"name":"wp","href":"https:\/\/api.w.org\/{rel}","templated":true}]}}