{"id":357,"date":"2015-06-17T14:54:18","date_gmt":"2015-06-17T12:54:18","guid":{"rendered":"http:\/\/5.99.81.228\/?page_id=357"},"modified":"2015-06-17T14:54:18","modified_gmt":"2015-06-17T12:54:18","slug":"oiv","status":"publish","type":"page","link":"https:\/\/www.salernomobilita.it\/index.php\/amministrazione-trasparente\/personale\/oiv\/","title":{"rendered":"OIV"},"content":{"rendered":"<p>In Salerno Mobilit\u00e0 non esiste OIV (organizzo interno di valutazione), previsto per le sole Pubbliche Amministrazioni.<\/p>\n<p>L\u2019ODV (Organismo di Vigilanza), per il modello 231\/2001 \u00e8 invece costituito dallo stesso Collegio Sindacale.<\/p>\n<p>L&#8217;ODV costituisce altres\u00ec il Responsabile della Trasparenza e Responsabile Prevenzione della Corruzione della Salerno Mobilit\u00e0 Spa, in virt\u00f9 di determina dell&#8217;Amministratore Unico n.31\/14, con la quale si \u00e8 adottato il Piano Triennale di Prevenzione della Corruzione\u00a0<em>ex<\/em>\u00a0L.190\/2012<\/p>\n<p><strong>Collegio Sindacale<\/strong><\/p>\n<table border=\"1\" cellspacing=\"0\" cellpadding=\"0\">\n<colgroup>\n<col width=\"114\" \/>\n<col width=\"83\" \/>\n<col width=\"126\" \/>\n<col width=\"114\" \/><\/colgroup>\n<tbody>\n<tr>\n<td width=\"114\" height=\"21\"><strong>Nominativo<\/strong><\/td>\n<td width=\"83\"><strong>dalla data<\/strong><\/td>\n<td width=\"126\"><strong><strong>Carica<\/strong><\/strong><\/td>\n<td width=\"114\"><strong>Documento<\/strong><\/td>\n<\/tr>\n<tr>\n<td height=\"21\">Marco Piemonte<\/td>\n<td class=\"xl65\" align=\"right\">18\/06\/2013<\/td>\n<td>Presidente<\/td>\n<td><a href=\"http:\/\/5.99.81.228\/pdf\/personale\/Piemonte curriculum 2014_analitico.pdf\" target=\"new\">Curriculum vitae<\/a><\/td>\n<\/tr>\n<tr>\n<td height=\"21\">Luca Savastano<\/td>\n<td class=\"xl65\" align=\"right\">18\/06\/2013<\/td>\n<td>Sindaco effettivo<\/td>\n<td><a href=\"http:\/\/5.99.81.228\/pdf\/personale\/Curriculum Vitae Savastano Luca.pdf\" target=\"new\">Curriculum vitae<\/a><\/td>\n<\/tr>\n<tr>\n<td height=\"21\">Giustina Baratta<\/td>\n<td class=\"xl65\" align=\"right\">18\/06\/2013<\/td>\n<td>Sindaco effettivo<\/td>\n<td><a href=\"http:\/\/5.99.81.228\/pdf\/personale\/CV GIUSTINA baratta.pdf\" target=\"new\">Curriculum vitae<\/a><\/td>\n<\/tr>\n<tr>\n<td height=\"21\">Alessia D&#8217;Uva<\/td>\n<td class=\"xl65\" align=\"right\">18\/06\/2013<\/td>\n<td>Sindaco supplente<\/td>\n<td><\/td>\n<\/tr>\n<tr>\n<td height=\"21\">Salvatore Barba<\/td>\n<td class=\"xl65\" align=\"right\">18\/06\/2013<\/td>\n<td>Sindaco supplente<\/td>\n<td><\/td>\n<\/tr>\n<\/tbody>\n<\/table>\n","protected":false},"excerpt":{"rendered":"<p>In Salerno Mobilit\u00e0 non esiste OIV (organizzo interno di valutazione), previsto per le sole Pubbliche Amministrazioni.<\/p>\n","protected":false},"author":5,"featured_media":0,"parent":316,"menu_order":0,"comment_status":"closed","ping_status":"open","template":"","meta":{"footnotes":""},"tags":[],"_links":{"self":[{"href":"https:\/\/www.salernomobilita.it\/index.php\/wp-json\/wp\/v2\/pages\/357"}],"collection":[{"href":"https:\/\/www.salernomobilita.it\/index.php\/wp-json\/wp\/v2\/pages"}],"about":[{"href":"https:\/\/www.salernomobilita.it\/index.php\/wp-json\/wp\/v2\/types\/page"}],"author":[{"embeddable":true,"href":"https:\/\/www.salernomobilita.it\/index.php\/wp-json\/wp\/v2\/users\/5"}],"replies":[{"embeddable":true,"href":"https:\/\/www.salernomobilita.it\/index.php\/wp-json\/wp\/v2\/comments?post=357"}],"version-history":[{"count":0,"href":"https:\/\/www.salernomobilita.it\/index.php\/wp-json\/wp\/v2\/pages\/357\/revisions"}],"up":[{"embeddable":true,"href":"https:\/\/www.salernomobilita.it\/index.php\/wp-json\/wp\/v2\/pages\/316"}],"wp:attachment":[{"href":"https:\/\/www.salernomobilita.it\/index.php\/wp-json\/wp\/v2\/media?parent=357"}],"wp:term":[{"taxonomy":"post_tag","embeddable":true,"href":"https:\/\/www.salernomobilita.it\/index.php\/wp-json\/wp\/v2\/tags?post=357"}],"curies":[{"name":"wp","href":"https:\/\/api.w.org\/{rel}","templated":true}]}}