{"id":212,"date":"2015-06-08T11:54:13","date_gmt":"2015-06-08T09:54:13","guid":{"rendered":"http:\/\/5.99.81.228\/?page_id=212"},"modified":"2023-06-20T12:37:36","modified_gmt":"2023-06-20T10:37:36","slug":"servizi-per-automobilisti","status":"publish","type":"page","link":"https:\/\/www.salernomobilita.it\/index.php\/servizi\/servizi-per-automobilisti\/","title":{"rendered":"Servizi Per Automobilisti"},"content":{"rendered":"<p>L\u2019Azienda, in attesa della consegna dell\u2019area di\u00a0sosta denominata Park Libert\u00e0, in sostituzione\u00a0della precedente area Alvarez, ha gi\u00e0 espletato\u00a0gara di appalto per l\u2019implementazione\u00a0di un sistema di automazione con tecnologia\u00a0d\u2019avanguardia, che consentir\u00e0 l\u2019utilizzo della\u00a0modalit\u00e0 di pagamento Telepass, della prenotazione<br \/>\nvia web del posto auto, della pi\u00f9\u00a0avanzata tecnologia contactless etc.\u00a0La stessa societ\u00e0 ha negli ultimi anni promosso\u00a0e gestito il rilascio di permessi \u201csociali\u201d:\u00a0il \u201cpermesso rosa\u201d, in favore delle donne in\u00a0stato di gravidanza, residenti in citt\u00e0, e \u201cpermesso\u00a0famiglie numerose\u201d, in favore di famiglie\u00a0con pi\u00f9 di tre figli, curando la pubblicit\u00e0\u00a0degli stessi presso l\u2019utenza. Nei prossimi anni\u00a0intende incentivare e pubblicizzare ulteriormente\u00a0presso l\u2019utenza tali tipi di agevolazione.\u00a0Nell\u2019esercizio delle funzioni di prevenzione\u00a0ed accertamento delle violazioni in materia di\u00a0sosta rafforzer\u00e0 il preventivo utilizzo del c.d.\u00a0avviso di cortesia agli utenti.<\/p>\n<p>La Salerno Mobilit\u00e0 si \u00e8 resa altres\u00ec promotrice\u00a0di iniziative inerenti la c.d. mobilit\u00e0 sostenibile,\u00a0che intende proseguire e rafforzare. \u00a0Ha promosso il bando, tutt\u2019ora in corso per\u00a0l\u2019implementazione di un sistema di bike sharing.\u00a0Ha implementato, \u00a0unitamente alla consorella\u00a0Salerno Energia SpA, un punto di ricarica\u00a0gratuito per auto e bici elettriche presso\u00a0l\u2019area automatizzata di Park Concordia ed ha \u00a0promosso ed avviato il \u201cpermesso auto\u00a0elettriche\u201d che consente la sosta gratuita in\u00a0tutte le aree, anche automatizzate, gestite\u00a0dall\u2019azienda, oltre che l\u2019accesso alle ZTL.<\/p>\n","protected":false},"excerpt":{"rendered":"<p>L\u2019Azienda, in attesa della consegna dell\u2019area di\u00a0sosta denominata Park Libert\u00e0, in sostituzione\u00a0della precedente area Alvarez, ha gi\u00e0 espletato\u00a0gara di appalto per l\u2019implementazione\u00a0di un sistema di automazione con tecnologia\u00a0d\u2019avanguardia, che consentir\u00e0 l\u2019utilizzo della\u00a0modalit\u00e0 di pagamento Telepass, della prenotazione via web del posto auto, della pi\u00f9\u00a0avanzata tecnologia contactless etc.<\/p>\n","protected":false},"author":5,"featured_media":0,"parent":42,"menu_order":0,"comment_status":"closed","ping_status":"open","template":"","meta":{"footnotes":""},"tags":[],"_links":{"self":[{"href":"https:\/\/www.salernomobilita.it\/index.php\/wp-json\/wp\/v2\/pages\/212"}],"collection":[{"href":"https:\/\/www.salernomobilita.it\/index.php\/wp-json\/wp\/v2\/pages"}],"about":[{"href":"https:\/\/www.salernomobilita.it\/index.php\/wp-json\/wp\/v2\/types\/page"}],"author":[{"embeddable":true,"href":"https:\/\/www.salernomobilita.it\/index.php\/wp-json\/wp\/v2\/users\/5"}],"replies":[{"embeddable":true,"href":"https:\/\/www.salernomobilita.it\/index.php\/wp-json\/wp\/v2\/comments?post=212"}],"version-history":[{"count":1,"href":"https:\/\/www.salernomobilita.it\/index.php\/wp-json\/wp\/v2\/pages\/212\/revisions"}],"predecessor-version":[{"id":3421,"href":"https:\/\/www.salernomobilita.it\/index.php\/wp-json\/wp\/v2\/pages\/212\/revisions\/3421"}],"up":[{"embeddable":true,"href":"https:\/\/www.salernomobilita.it\/index.php\/wp-json\/wp\/v2\/pages\/42"}],"wp:attachment":[{"href":"https:\/\/www.salernomobilita.it\/index.php\/wp-json\/wp\/v2\/media?parent=212"}],"wp:term":[{"taxonomy":"post_tag","embeddable":true,"href":"https:\/\/www.salernomobilita.it\/index.php\/wp-json\/wp\/v2\/tags?post=212"}],"curies":[{"name":"wp","href":"https:\/\/api.w.org\/{rel}","templated":true}]}}