{"id":2021,"date":"2017-02-06T15:44:41","date_gmt":"2017-02-06T14:44:41","guid":{"rendered":"https:\/\/www.salernomobilita.it\/?page_id=2021"},"modified":"2023-09-18T15:44:04","modified_gmt":"2023-09-18T13:44:04","slug":"abbonamenti","status":"publish","type":"page","link":"https:\/\/www.salernomobilita.it\/index.php\/tariffe-e-abbonamenti\/abbonamenti\/","title":{"rendered":"Abbonamenti e Permessi"},"content":{"rendered":"<p><a href=\"#1\" rel=\"attachment wp-att-2250\"><img loading=\"lazy\" decoding=\"async\" class=\"alignnone wp-image-2250 size-full\" src=\"https:\/\/www.salernomobilita.it\/wp-content\/uploads\/2017\/02\/1.png\" alt=\"1\" width=\"400\" height=\"110\" srcset=\"https:\/\/www.salernomobilita.it\/wp-content\/uploads\/2017\/02\/1.png 400w, https:\/\/www.salernomobilita.it\/wp-content\/uploads\/2017\/02\/1-300x83.png 300w\" sizes=\"(max-width: 400px) 100vw, 400px\" \/><\/a><\/p>\n<p><a href=\"#2\" rel=\"attachment wp-att-2251\"><img loading=\"lazy\" decoding=\"async\" class=\"alignnone wp-image-2251 size-full\" src=\"https:\/\/www.salernomobilita.it\/wp-content\/uploads\/2017\/02\/2.png\" alt=\"2\" width=\"400\" height=\"110\" srcset=\"https:\/\/www.salernomobilita.it\/wp-content\/uploads\/2017\/02\/2.png 400w, https:\/\/www.salernomobilita.it\/wp-content\/uploads\/2017\/02\/2-300x83.png 300w\" sizes=\"(max-width: 400px) 100vw, 400px\" \/><\/a><\/p>\n<p><a href=\"#3\" rel=\"attachment wp-att-2252\"><img loading=\"lazy\" decoding=\"async\" class=\"alignnone wp-image-2252 size-full\" src=\"https:\/\/www.salernomobilita.it\/wp-content\/uploads\/2017\/02\/3.png\" alt=\"3\" width=\"400\" height=\"110\" srcset=\"https:\/\/www.salernomobilita.it\/wp-content\/uploads\/2017\/02\/3.png 400w, https:\/\/www.salernomobilita.it\/wp-content\/uploads\/2017\/02\/3-300x83.png 300w\" sizes=\"(max-width: 400px) 100vw, 400px\" \/><\/a><a id=\"1\"><\/a><\/p>\n<hr \/>\n<p style=\"text-align: right;\"><a href=\"https:\/\/www.salernomobilita.it\/index.php\/abbonamenti\/\">[Torna su]<\/a><\/p>\n<h3><strong>Aree Perimetrate Automatizzate \u2013 gli abbonamenti sono da considerarsi contingentati\u00a0<\/strong><\/h3>\n<p><span style=\"color: #3855ab;\"><strong>Abbonamento Diurno Concordia<\/strong><\/span><br \/>\n<strong>Prezzo\u00a0<\/strong>\u20ac 100,00<br \/>\n<strong>Validit\u00e0\u00a0<\/strong>Mensile<br \/>\n<strong>Orario\u00a0<\/strong>06.00 \u2013 22.00<br \/>\n<strong>Area di sosta\u00a0<\/strong>Sottopiazza della Concordia<br \/>\n<strong>Note\u00a0<\/strong>Valido dal lunedi al sabato, non valido la domenica e i giorni festivi.<\/p>\n<p><span style=\"color: #3855ab;\"><strong>Abbonamento\u00a0Notturno\u00a0Concordia<\/strong><\/span><br \/>\n<strong>Prezzo\u00a0<\/strong>\u20ac 50,00<br \/>\n<strong>Validit\u00e0\u00a0<\/strong>Mensile<br \/>\n<strong>Orario\u00a0<\/strong>22.00 \u2013 07.00<br \/>\n<strong>Area di sosta\u00a0<\/strong>Piazza della Concordia<br \/>\n<strong>Note\u00a0<\/strong>Valido tutti i giorni.<\/p>\n<p><span style=\"color: #3855ab;\"><strong>Abbonamento\u00a0Professionisti<\/strong><\/span><br \/>\n<strong>Prezzo\u00a0<\/strong>\u20ac 30,00<br \/>\n<strong>Validit\u00e0\u00a0<\/strong>Mensile<br \/>\n<strong>Orario\u00a0<\/strong>07.00 \u2013 15.00<br \/>\n<strong>Area di sosta\u00a0<\/strong>Piazza della Concordia \/ Mazzini \/Sottopiazza<br \/>\n<strong>Note\u00a0<\/strong>Non valido sabato, domenica e festivi. Concesso ad iscritti albi ed ordini professionali<\/p>\n<p><span style=\"color: #3855ab;\"><strong>Abbonamento mensile per\u00a0personale appartenente a\u00a0Forze dell\u2019Ordine, di\u00a0Polizia\u00a0 e\u00a0dipendenti Enti Pubblici\u00a0(contingentato)<\/strong><\/span><br \/>\n<strong>Prezzo\u00a0<\/strong>\u20ac50<br \/>\n<strong>Validit\u00e0\u00a0<\/strong>Mensile<br \/>\n<strong>Orario\u00a0<\/strong>dal Lun al Ven \u2013 7.00 : 20.30<\/p>\n<p><span style=\"color: #3855ab;\"><strong>Abbonamento\u00a0Diurno Foce Irno<\/strong><\/span><br \/>\n<strong>Prezzo\u00a0<\/strong>\u20ac 50,00<br \/>\n<strong>Validit\u00e0\u00a0<\/strong>Mensile<br \/>\n<strong>Orario\u00a0<\/strong>06.00-22.00<br \/>\n<strong>Area di sosta\u00a0<\/strong>Foce Irno e Foce Irno Interrato<br \/>\n<strong>Note\u00a0<\/strong>Valido dal luned\u00ec al sabato, non valido la domenica e i giorni festivi.<\/p>\n<p><span style=\"color: #3855ab;\"><strong>Abbonamento Full-time\u00a0Foce Irno<\/strong><\/span><br \/>\n<strong>Prezzo\u00a0<\/strong>\u20ac 120,00<br \/>\n<strong>Validit\u00e0\u00a0<\/strong>Mensile<br \/>\n<strong>Orario\u00a0<\/strong>H\/24<br \/>\n<strong>Area di sosta\u00a0<\/strong>Foce Irno e Foce Irno Interrato<br \/>\n<strong>Note\u00a0<\/strong>Valido\u00a0tutti i giorni.<\/p>\n<p><strong><span style=\"color: #3855ab;\">Via L. Vinciprova<\/span><br \/>\n<span style=\"color: #3855ab;\">Abbonamento Diurno<\/span><br \/>\n<\/strong><strong>Prezzo\u00a0<\/strong>\u20ac 30,00<br \/>\n<strong>Validit\u00e0\u00a0<\/strong>Mensile<br \/>\n<strong>Orario\u00a0<\/strong>06.00 \u2013 22.00<br \/>\n<strong>Note\u00a0<\/strong>Valido dal\u00a0luned\u00ec al venerdi escluso sabato, domenica e festivi<\/p>\n<p><strong>Abbonamento\u00a0Full Time<br \/>\nPrezzo\u00a0<\/strong>\u20ac 50,00<br \/>\n<strong>Validit\u00e0\u00a0<\/strong>Mensile<br \/>\n<strong>Orario\u00a0<\/strong>h\/24<br \/>\n<strong>Note\u00a0<\/strong>Valido\u00a0tutti i giorni<\/p>\n<p><span style=\"color: #3855ab;\"><strong>Abbonamento Diurno Parcheggio Libert\u00e0<br \/>\n<\/strong><\/span><strong>Prezzo<\/strong> \u20ac. 50,00<br \/>\n<strong>Validit\u00e0<\/strong> Mensile<br \/>\n<strong>Orario<\/strong> 07:00 \u2013 19:00<br \/>\nValido dal luned\u00ec al venerd\u00ec (non valido il sabato, la domenica e i giorni festivi)<\/p>\n<p><span style=\"color: #3855ab;\"><strong>Abbonamento Diurno Dipendenti Pubblici Parcheggio Libert\u00e0<br \/>\n<\/strong><\/span><strong>Prezzo<\/strong> \u20ac. 35,00<br \/>\n<strong>Validit\u00e0 <\/strong>Mensile<br \/>\n<strong>Orario<\/strong> 07:00 \u2013 19:00<br \/>\nValido dal luned\u00ec al venerd\u00ec (non valido il sabato, la domenica e i giorni festivi)<\/p>\n<p><span style=\"color: #3855ab;\"><strong>Abbonamento Full-time\u00a0Parcheggio Libert\u00e0<br \/>\n<\/strong><\/span><strong>Prezzo<\/strong>\u00a0 \u20ac. 70,00<br \/>\n<strong>Validit\u00e0<\/strong> Settimanale<br \/>\n<strong>Orario<\/strong> h\/24<br \/>\nValido per n. 7 giorni (dal giorno di attivazione dell\u2019abbonamento)<\/p>\n<p><span style=\"color: #3855ab;\"><strong>Abbonamento Diportisti\u00a0Parcheggio Libert\u00e0<br \/>\n<\/strong><\/span><strong>Prezzo<\/strong> \u20ac. 70,00<br \/>\n<strong>Validit\u00e0<\/strong> Mensile<br \/>\n<strong>Orario <\/strong>07:00 \u2013 19:00<br \/>\nValido dal venerd\u00ec alla domenica (non valido dal luned\u00ec al gioved\u00ec. Attivabile solo dal 01<br \/>\ngiugno al 30 settembre. Riservato ai titolari di contratto di ormeggio presso il Molo Manfredi)<\/p>\n<p><span style=\"color: #3855ab;\"><strong>Abbonamento Diportisti\u00a0Parcheggio Libert\u00e0<br \/>\n<\/strong><\/span><strong>Prezzo <\/strong>\u20ac. 100,00<br \/>\n<strong>Validit\u00e0<\/strong> Mensile<br \/>\n<strong>Orario<\/strong> 07:00 \u2013 19:00<br \/>\nValido tutti i giorni. Disponibile dal 1 giugno al 30 settembre. Riservato ai titolari di contratto di ormeggio presso il Molo Manfredi)<a id=\"2\"><\/a><\/p>\n<hr \/>\n<p style=\"text-align: right;\"><a href=\"https:\/\/www.salernomobilita.it\/index.php\/abbonamenti\/\">[Torna su]<\/a><\/p>\n<h3><strong>Aree perimetrate non automatizzate &#8211; gli abbonamenti sono da considerarsi contingentati<\/strong><\/h3>\n<p>&nbsp;<\/p>\n<p><strong><span style=\"color: #3855ab;\">Via A. Carella<\/span><br \/>\n<span style=\"color: #3855ab;\">Abbonamento Full-Time<\/span><br \/>\n<\/strong><strong>Prezzo\u00a0<\/strong>\u20ac 50,00<br \/>\n<strong>Validit\u00e0\u00a0<\/strong>Mensile<br \/>\n<strong>Orario\u00a0<\/strong>H\/24<\/p>\n<p><strong><span style=\"color: #3855ab;\">Via A. Carella<\/span><br \/>\n<span style=\"color: #3855ab;\">Abbonamento Full-Time Residenti<\/span><br \/>\n<\/strong><strong>Prezzo\u00a0<\/strong>\u20ac 12,00<br \/>\n<strong>Validit\u00e0\u00a0<\/strong>Mensile<br \/>\n<strong>Orario\u00a0<\/strong>H\/24<br \/>\n<strong>Note\u00a0<\/strong>Valido tutti i giorni e Riservato ai soli residenti dei civici di cui alla nota n\u00b01. Gli abbonati in occasione di manifestazioni che occupano via Carella possono utilizzare il parcheggio perimetrato non automatizzato di via\u00a0Vinciprova. N.1 abbonamento per ogni nucleo familiare.<\/p>\n<p><strong><span style=\"color: #3855ab;\">Via A. Carella<\/span><br \/>\n<span style=\"color: #3855ab;\">Abbonamento\u00a0Autobus Full-Time<\/span><br \/>\n<\/strong><strong>Prezzo\u00a0<\/strong>\u20ac 150,00<br \/>\n<strong>Validit\u00e0\u00a0<\/strong>Mensile<br \/>\n<strong>Orario\u00a0<\/strong>H\/24<br \/>\n<strong>Note\u00a0<\/strong>Valido tutti i giorni.<\/p>\n<p><strong><span style=\"color: #3855ab;\">Via O. Flacco<\/span><br \/>\n<span style=\"color: #3855ab;\">Abbonamento Full-Time<\/span><br \/>\n<\/strong><strong>Prezzo\u00a0<\/strong>\u20ac 40,00<br \/>\n<strong>Validit\u00e0\u00a0<\/strong>Mensile<br \/>\n<strong>Orario\u00a0<\/strong>H\/24<br \/>\n<strong>Note\u00a0<\/strong>Valido tutti i giorni e Riservato ai soli residenti, dei civici di cui alla nota\u00a0<strong>n\u00b02<\/strong>.<\/p>\n<p><strong><span style=\"color: #3855ab;\">Via S. Robertelli<\/span><br \/>\n<span style=\"color: #3855ab;\">Abbonamento Full-Time<\/span><br \/>\n<\/strong><strong>Prezzo\u00a0<\/strong>\u20ac 20,00<br \/>\n<strong>Validit\u00e0\u00a0<\/strong>Mensile<br \/>\n<strong>Orario\u00a0<\/strong>H\/24<br \/>\n<strong>Note\u00a0<\/strong>Valido tutti i giorni e Riservato ai soli residenti, dei civici di cui alla nota\u00a0<strong>n\u00b03<\/strong>.<\/p>\n<p><strong><span style=\"color: #3855ab;\">Via Porto<\/span><br \/>\n<span style=\"color: #3855ab;\">Abbonamento Full-Time ex Mercato Ittico<\/span><br \/>\n<\/strong><strong>Prezzo<\/strong>\u00a0\u20ac 35,00<br \/>\n<strong>Validit\u00e0<\/strong>\u00a0Mensile<br \/>\n<strong>Note<\/strong>\u00a0Valido dal luned\u00ec al sabato. Non valido la domenica ed i giorni festivi<\/p>\n<p><strong><span style=\"color: #3855ab;\">Stadio Arechi \u2013 Intera Area<\/span><br \/>\n<span style=\"color: #3855ab;\">Abbonamento Metro, Universitari e dipendenti Azienda Ospedaliera<\/span><br \/>\n<\/strong><strong>Prezzo\u00a0<\/strong>\u20ac 15,00<br \/>\n<strong>Validit\u00e0\u00a0<\/strong>Mensile<br \/>\n<strong>Orario\u00a0<\/strong>07.00 \u2013 21.00<br \/>\n<strong>Note\u00a0<\/strong>Riservato agli studenti universitari ed ai dipendenti dell\u2019Azienda Ospedaliera Universitaria \u201cS. Giovanni di Dio e Ruggi d\u2019Aragona\u201d<\/p>\n<p><span style=\"color: #999999;\"><strong>Nota 1<\/strong>: Civici Via A. Carella Via Torrione, 9,23,33,63,79 e 8,20 e 54-Via G. de Jacopis, 3- M. Testa, 8,11 e 29-La Carnale, 4 e 8-C. Tafuri, 15-T. Scillato, 11- Via R. Antonio, 5-Via B. Giovanni, 1 e 4<\/span><\/p>\n<p><span style=\"color: #999999;\"><strong>Nota 2<\/strong>: Civici Via O. Flacco Piazza della Libert\u00e0, civici 12,16,17,18\/b,20- D. Somma 1 e 4, G. Angrisani 2,5 e 7- Ventimiglia, 19- R Galdieri, 10,18 e 28- M. Fatima, 21,24,36,44,58,70,98-A. del Baviglio,11 e 13-F. Gaeta,7,24 e 38-VI Settembre, 36-L. Settembrini, 40 e 52-D. Martino,6-Posidonia, 164,182,289,301,307,379,349, 395,405 e 212-T. Gattola,1,3,5 e 7-O. Galdieri, 17,19 e 22-B. Garofano,9-R. Cocchia, 8, 12\/4, e 27-P.zzaCivili Brescia,22-Sichelmanno, 8,13,22,41 e 79-G.B. Amendola, 51,69,70,,91 e 102-O. Flacco, 6,8,10,12,14,16,18,18 e 20-Martiri di Cefalonia, 1,2,4,6,8,10,12,14,16,18,20,22 e 24-M. Ungheresi, 8,9,15,37,38,39,41,43,45,47,49,51,53,55,56,57,58,59,60,61,63,65,69,71-Trav. Villa Marina, 6-M. Pizone, 2,4 e 6-F. Cuomo, 1-Virgilio, 6,8 e 42-F. Rizzo, 2 e 4-C. Carmine, 2,4,33 e 35-A. Fabbricatore, 1<\/span><\/p>\n<p><span style=\"color: #999999;\"><strong>Nota 3<\/strong>: Civici Via S. Robertelli Via Sabato Robertelli, civ. 19, 21, 29, 51, 54, 58; Via Paolo Grisignano, civ. 1, 4, 7, 12, 15, 21, 22, 32; Via Abella Salernitana, civ. 3, 13, 23, 26, 33; Via Filippo Sciaraffia, 9, 21; Via Davide Vietri, civ. 5, 8, 20; Via Carlo Granozio, civ. 8, 10, 13; Via XX Settembre, civ. 5, 14, 33, 38, 43, 49, 61; Via Vincenzo Robertiello,civ. 8,16; Via Vincenzo Padula,civ. 15, 30, 44<\/span><a id=\"3\" style=\"color: #b5b5b5;\"><\/a><\/p>\n<h3><\/h3>\n<hr \/>\n<p style=\"text-align: right;\"><a href=\"https:\/\/www.salernomobilita.it\/index.php\/abbonamenti\/\">[Torna su]<\/a><\/p>\n<h3><strong>Permessi Speciali<\/strong><\/h3>\n<p>Nessun permesso abilita alla sosta gratuita nelle aree automatizzate (Park Concordia, Mazzini, Sottopiazza; Foce Irno, Foce Irno Interrato, Robertelli) e in PARK Amendola.<\/p>\n<p><span style=\"color: #3855ab;\">Permesso per <strong>auto di propriet\u00e0 del Comune di Salerno o delle societ\u00e0 partecipate<\/strong> del Comune di Salerno esercenti servizi di pubblico interesse (sono equiparate le auto condotte in leasing)<br \/>\n<\/span><strong>Prezzo\u00a0<\/strong>Gratuito<\/p>\n<p><span style=\"color: #3855ab;\">Permesso per autovetture di\u00a0<strong>rappresentanti istituzionali<\/strong>\u00a0<\/span><br \/>\n<span style=\"color: #3855ab;\">(figure apicali) di Uffici, Enti, Istituzioni, Forze di Armate e di Polizia e Societ\u00e0 che svolgono servizio di interesse pubblico, valido su tutto il territorio cittadino<\/span><br \/>\n<strong>Prezzo\u00a0<\/strong>\u20ac250<br \/>\n<strong>Validit\u00e0\u00a0<\/strong>Annuale<br \/>\n<strong>Orario\u00a0<\/strong>Tutti i giorni<br \/>\n<strong>Area di sosta\u00a0<\/strong>Tutte le ZPRU<\/p>\n<p><span style=\"color: #3855ab;\">Permesso per\u00a0<strong>autovetture personali<\/strong> <\/span><br \/>\n<span style=\"color: #3855ab;\">utilizzate per esigenze di servizio da personale di Forze armate e di Polizia, relative ad una sola ZPRU o su tutto il territorio cittadino (da indicare nell\u2019attestazione da rilasciarsi da parte del responsabile dell\u2019Ufficio di appartenenza)<br \/>\n<\/span><strong>Prezzo<\/strong>\u00a0\u20ac50 Annuale su singola ZPRU<br \/>\n<strong>Prezzo<\/strong>\u00a0\u20ac120 Annuale su tutte le ZPRU<br \/>\nOrario Tutti i giorni<\/p>\n<p><span style=\"color: #3855ab;\">Permesso per<strong>\u00a0autovetture personali<\/strong>\u00a0<\/span><br \/>\n<span style=\"color: #3855ab;\">in utilizzo a soggetti che svolgono attivit\u00e0 di\u00a0<strong>notificazione atti<\/strong>\u00a0in ambito comunale<\/span><br \/>\n<strong>Prezzo\u00a0<\/strong>\u20ac50<br \/>\n<strong>Validit\u00e0\u00a0<\/strong>Annuale<br \/>\n<strong>Orario\u00a0<\/strong>Orari di servizio<br \/>\n<strong>Area di sosta\u00a0<\/strong>Tutte le ZPRU<\/p>\n<p><span style=\"color: #3855ab;\">Permesso per\u00a0<strong>autovetture personali<\/strong>\u00a0<\/span><br \/>\n<span style=\"color: #3855ab;\">in utilizzo a soggetti che svolgono attivit\u00e0 di interesse o rilevanza<strong>\u00a0pubblica e sociale<\/strong>\u00a0(es. associazioni assistenza disabili, malati terminali etc, con attestazione del presidente dell\u2019Ente-Associazione)<\/span><br \/>\n<strong>Prezzo\u00a0<\/strong>\u20ac250<br \/>\n<strong>Validit\u00e0\u00a0<\/strong>Annuale<br \/>\n<strong>Orario\u00a0<\/strong>Tutti i giorni<br \/>\n<strong>Area di sosta\u00a0<\/strong>Tutte le ZPRU<\/p>\n<p><span style=\"color: #3855ab;\">Permesso per\u00a0<strong>consiglieri comunali<br \/>\n<\/strong>valido esclusivamente dal luned\u00ec al venerd\u00ec all\u2019interno dell\u2019area ZPRU 1 e 2, (con esclusione di Park Amendola e compresa area perimetrata Via Ligea ex mercato ittico)<\/span><br \/>\n<strong>Prezzo\u00a0<\/strong>\u20ac50<br \/>\n<strong>Validit\u00e0\u00a0<\/strong>Annuale<br \/>\n<strong>Orario\u00a0<\/strong>dal Lun. al Ven.<br \/>\n<strong>Area di sosta\u00a0<\/strong>ZPRU 1\/2<\/p>\n<p><span style=\"color: #3855ab;\"><strong>Permesso auto con alimentazione ibrida<\/strong>.<\/span><br \/>\n<span style=\"color: #3855ab;\">La sosta \u00e8 consentita lungo strada e nelle aree NON automatizzate<\/span><br \/>\n<strong>Prezzo\u00a0<\/strong>\u20ac30<br \/>\n<strong>Validit\u00e0\u00a0<\/strong>Annuale<\/p>\n<p><span style=\"color: #3855ab;\"><strong>Permesso auto con alimentazione elettrica<\/strong>.<\/span><br \/>\n<span style=\"color: #3855ab;\">La sosta \u00e8 consentita lungo strada e nelle aree NON automatizzate.<\/span><br \/>\n<strong>Prezzo\u00a0<\/strong>\u20ac10<br \/>\n<strong>Validit\u00e0\u00a0<\/strong>Annuale<\/p>\n<p>_______________________________________________________________<\/p>\n<h3><strong>Permessi Rosa<\/strong><\/h3>\n<p>Rilasciati a donne in stato di gravidanza con residenza nel Comune di Salerno. La vetrofania sar\u00e0 riferita esclusivamente all\u2019auto intestata alla donna in gravidanza o al coniuge.<br \/>\n<strong>Prezzo\u00a0<\/strong>\u20ac30 sino a tre mesi successivi al parto<\/p>\n<p><strong>\u00a0<\/strong><\/p>\n<h3><strong>Permessi per famiglie numerose<\/strong><\/h3>\n<p>Rilasciati a\u00a0nuclei familiari\u00a0con\u00a0oltre i tre figli con la medesima residenza.<br \/>\nLa vetrofania sar\u00e0 riferita esclusivamente all\u2019auto intestata ad uno dei componenti del nucleo familiare.<br \/>\n<strong>Prezzo<\/strong>\u00a0\u20ac50<strong><br \/>\nValidit\u00e0<\/strong>\u00a0annuale<\/p>\n<p style=\"text-align: right;\"><a href=\"https:\/\/www.salernomobilita.it\/index.php\/abbonamenti\/\">[Torna su]<\/a><\/p>\n","protected":false},"excerpt":{"rendered":"<p>[Torna su] Aree Perimetrate Automatizzate \u2013 gli abbonamenti sono da considerarsi contingentati\u00a0 Abbonamento Diurno Concordia Prezzo\u00a0\u20ac 100,00 Validit\u00e0\u00a0Mensile Orario\u00a006.<\/p>\n","protected":false},"author":5,"featured_media":0,"parent":44,"menu_order":0,"comment_status":"closed","ping_status":"closed","template":"","meta":{"footnotes":""},"tags":[],"_links":{"self":[{"href":"https:\/\/www.salernomobilita.it\/index.php\/wp-json\/wp\/v2\/pages\/2021"}],"collection":[{"href":"https:\/\/www.salernomobilita.it\/index.php\/wp-json\/wp\/v2\/pages"}],"about":[{"href":"https:\/\/www.salernomobilita.it\/index.php\/wp-json\/wp\/v2\/types\/page"}],"author":[{"embeddable":true,"href":"https:\/\/www.salernomobilita.it\/index.php\/wp-json\/wp\/v2\/users\/5"}],"replies":[{"embeddable":true,"href":"https:\/\/www.salernomobilita.it\/index.php\/wp-json\/wp\/v2\/comments?post=2021"}],"version-history":[{"count":10,"href":"https:\/\/www.salernomobilita.it\/index.php\/wp-json\/wp\/v2\/pages\/2021\/revisions"}],"predecessor-version":[{"id":3527,"href":"https:\/\/www.salernomobilita.it\/index.php\/wp-json\/wp\/v2\/pages\/2021\/revisions\/3527"}],"up":[{"embeddable":true,"href":"https:\/\/www.salernomobilita.it\/index.php\/wp-json\/wp\/v2\/pages\/44"}],"wp:attachment":[{"href":"https:\/\/www.salernomobilita.it\/index.php\/wp-json\/wp\/v2\/media?parent=2021"}],"wp:term":[{"taxonomy":"post_tag","embeddable":true,"href":"https:\/\/www.salernomobilita.it\/index.php\/wp-json\/wp\/v2\/tags?post=2021"}],"curies":[{"name":"wp","href":"https:\/\/api.w.org\/{rel}","templated":true}]}}