{"id":121,"date":"2024-06-11T10:00:04","date_gmt":"2024-06-11T08:00:04","guid":{"rendered":"http:\/\/5.99.81.228\/?page_id=121"},"modified":"2025-09-24T16:01:17","modified_gmt":"2025-09-24T14:01:17","slug":"121-2","status":"publish","type":"page","link":"https:\/\/www.salernomobilita.it\/","title":{"rendered":"Homepage"},"content":{"rendered":"<p style=\"text-align: center;\"><iframe loading=\"lazy\" src=\"https:\/\/www.youtube.com\/embed\/9AtZjRMcWTE\" width=\"100%\" height=\"400\" frameborder=\"0\" allowfullscreen=\"allowfullscreen\"><span data-mce-type=\"bookmark\" style=\"display: inline-block; width: 0px; overflow: hidden; line-height: 0;\" class=\"mce_SELRES_start\">\ufeff<\/span><\/iframe><\/p>\n<p style=\"text-align: left;\">Salerno Mobilit\u00e0 SpA \u00e8 la societ\u00e0 in house del Comune di Salerno che gestisce<\/p>\n<ul style=\"text-align: center;\">\n<li style=\"text-align: left;\">aree di sosta e di parcheggio;<\/li>\n<li style=\"text-align: left;\">rilascio dei permessi ai residenti delle ZPRU;<\/li>\n<li style=\"text-align: left;\">bloccaggio e rimozione dei veicoli che violano la normativa del Codice della Strada;<\/li>\n<li style=\"text-align: left;\">scale mobili e ascensori pubblici;<\/li>\n<li style=\"text-align: left;\">sorveglianza e manutenzione delle Stazioni intermedie e degli impianti pubblici di risalita della Metropolitana di Salerno<\/li>\n<\/ul>\n<p style=\"text-align: center;\"><strong>La nostra sede si trova in via Stefano Passaro, 1 &#8211; 84134 Salerno<br \/>\nTel. +39 089 2769111<\/strong><\/p>\n<hr \/>\n<p><strong>IN EVIDENZA<\/strong><\/p>\n<table style=\"border-collapse: collapse; width: 100%;\">\n<tbody>\n<tr>\n<td style=\"width: 25%;\"><a href=\"https:\/\/www.salernomobilita.it\/index.php\/category\/turisti\/\" rel=\"attachment wp-att-186\"><img loading=\"lazy\" decoding=\"async\" class=\"wp-image-186 aligncenter\" src=\"https:\/\/www.salernomobilita.it\/wp-content\/uploads\/2015\/06\/tur-1.png\" alt=\"tur\" width=\"125\" height=\"125\" \/><\/a><\/td>\n<td style=\"width: 25%;\"><a href=\"https:\/\/www.salernomobilita.it\/index.php\/category\/residenti\/\" rel=\"attachment wp-att-185\"><img loading=\"lazy\" decoding=\"async\" class=\"wp-image-185 aligncenter\" src=\"https:\/\/www.salernomobilita.it\/wp-content\/uploads\/2015\/06\/res-1.png\" alt=\"res\" width=\"125\" height=\"125\" \/><\/a><\/td>\n<td style=\"width: 25%;\"><a href=\"https:\/\/www.salernomobilita.it\/index.php\/category\/pendolari\/\" rel=\"attachment wp-att-184\"><img loading=\"lazy\" decoding=\"async\" class=\"wp-image-184 aligncenter\" src=\"https:\/\/www.salernomobilita.it\/wp-content\/uploads\/2015\/06\/pen-1.png\" alt=\"pen\" width=\"125\" height=\"125\" \/><\/a><\/td>\n<td style=\"width: 25%;\"><a href=\"https:\/\/www.salernomobilita.it\/index.php\/category\/abbonati\/\" rel=\"attachment wp-att-183\"><img loading=\"lazy\" decoding=\"async\" class=\"wp-image-183 aligncenter\" src=\"https:\/\/www.salernomobilita.it\/wp-content\/uploads\/2015\/06\/abb-1.png\" alt=\"abb\" width=\"125\" height=\"125\" \/><\/a><\/td>\n<\/tr>\n<\/tbody>\n<\/table>\n<p>&nbsp;<\/p>\n","protected":false},"excerpt":{"rendered":"<p>\ufeff Salerno Mobilit\u00e0 SpA \u00e8 la societ\u00e0 in house del Comune di Salerno che gestisce aree di sosta e di parcheggio; rilascio dei permessi ai residenti delle ZPRU; bloccaggio e rimozione dei veicoli che violano la normativa del Codice della Strada; scale mobili e ascensori pubblici; sorveglianza e manutenzione delle Stazioni intermedie e degli impianti pubblici di risalita della Metropolitana di Salerno La nostra sede si trova in via Stefano Passaro, 1 &#8211; 84134 Salerno Tel.<\/p>\n","protected":false},"author":5,"featured_media":0,"parent":0,"menu_order":0,"comment_status":"closed","ping_status":"closed","template":"","meta":{"footnotes":""},"tags":[],"_links":{"self":[{"href":"https:\/\/www.salernomobilita.it\/index.php\/wp-json\/wp\/v2\/pages\/121"}],"collection":[{"href":"https:\/\/www.salernomobilita.it\/index.php\/wp-json\/wp\/v2\/pages"}],"about":[{"href":"https:\/\/www.salernomobilita.it\/index.php\/wp-json\/wp\/v2\/types\/page"}],"author":[{"embeddable":true,"href":"https:\/\/www.salernomobilita.it\/index.php\/wp-json\/wp\/v2\/users\/5"}],"replies":[{"embeddable":true,"href":"https:\/\/www.salernomobilita.it\/index.php\/wp-json\/wp\/v2\/comments?post=121"}],"version-history":[{"count":12,"href":"https:\/\/www.salernomobilita.it\/index.php\/wp-json\/wp\/v2\/pages\/121\/revisions"}],"predecessor-version":[{"id":4102,"href":"https:\/\/www.salernomobilita.it\/index.php\/wp-json\/wp\/v2\/pages\/121\/revisions\/4102"}],"wp:attachment":[{"href":"https:\/\/www.salernomobilita.it\/index.php\/wp-json\/wp\/v2\/media?parent=121"}],"wp:term":[{"taxonomy":"post_tag","embeddable":true,"href":"https:\/\/www.salernomobilita.it\/index.php\/wp-json\/wp\/v2\/tags?post=121"}],"curies":[{"name":"wp","href":"https:\/\/api.w.org\/{rel}","templated":true}]}}